{"id":3353,"date":"2023-03-29T15:00:09","date_gmt":"2023-03-29T14:00:09","guid":{"rendered":"https:\/\/chateauperron.net\/?page_id=3353"},"modified":"2023-08-04T08:32:04","modified_gmt":"2023-08-04T07:32:04","slug":"history","status":"publish","type":"page","link":"https:\/\/chateauperron.net\/en\/history\/","title":{"rendered":"History"},"content":{"rendered":"<div data-elementor-type=\"wp-page\" data-elementor-id=\"3353\" class=\"elementor elementor-3353\">\n\t\t\t\t\t\t<section class=\"has_eae_slider elementor-section elementor-top-section elementor-element elementor-element-388a114 elementor-section-full_width elementor-section-stretched elementor-section-height-default elementor-section-height-default\" data-eae-slider=\"23983\" data-id=\"388a114\" data-element_type=\"section\" data-e-type=\"section\" data-settings=\"{&quot;background_background&quot;:&quot;classic&quot;,&quot;stretch_section&quot;:&quot;section-stretched&quot;}\">\n\t\t\t\t\t\t\t<div class=\"elementor-background-overlay\"><\/div>\n\t\t\t\t\t\t\t<div class=\"elementor-container elementor-column-gap-default\">\n\t\t\t\t\t<div class=\"has_eae_slider elementor-column elementor-col-100 elementor-top-column elementor-element elementor-element-fb48861\" data-eae-slider=\"59231\" data-id=\"fb48861\" data-element_type=\"column\" data-e-type=\"column\">\n\t\t\t<div class=\"elementor-widget-wrap elementor-element-populated\">\n\t\t\t\t\t\t<div class=\"elementor-element elementor-element-5b3dc13 elementor-widget elementor-widget-spacer\" data-id=\"5b3dc13\" data-element_type=\"widget\" data-e-type=\"widget\" data-widget_type=\"spacer.default\">\n\t\t\t\t<div class=\"elementor-widget-container\">\n\t\t\t\t\t\t\t<div class=\"elementor-spacer\">\n\t\t\t<div class=\"elementor-spacer-inner\"><\/div>\n\t\t<\/div>\n\t\t\t\t\t\t<\/div>\n\t\t\t\t<\/div>\n\t\t\t\t<div class=\"elementor-element elementor-element-4600f6e elementor-widget elementor-widget-heading\" data-id=\"4600f6e\" data-element_type=\"widget\" data-e-type=\"widget\" data-widget_type=\"heading.default\">\n\t\t\t\t<div class=\"elementor-widget-container\">\n\t\t\t\t\t<h2 class=\"elementor-heading-title elementor-size-default\">The history of the Ch\u00e2teau<\/h2>\t\t\t\t<\/div>\n\t\t\t\t<\/div>\n\t\t\t\t<div class=\"elementor-element elementor-element-1f929f9 elementor-widget elementor-widget-spacer\" data-id=\"1f929f9\" data-element_type=\"widget\" data-e-type=\"widget\" data-widget_type=\"spacer.default\">\n\t\t\t\t<div class=\"elementor-widget-container\">\n\t\t\t\t\t\t\t<div class=\"elementor-spacer\">\n\t\t\t<div class=\"elementor-spacer-inner\"><\/div>\n\t\t<\/div>\n\t\t\t\t\t\t<\/div>\n\t\t\t\t<\/div>\n\t\t\t\t\t<\/div>\n\t\t<\/div>\n\t\t\t\t\t<\/div>\n\t\t<\/section>\n\t\t\t\t<section class=\"has_eae_slider elementor-section elementor-top-section elementor-element elementor-element-17cb9c0 elementor-section-boxed elementor-section-height-default elementor-section-height-default\" data-eae-slider=\"8443\" data-id=\"17cb9c0\" data-element_type=\"section\" data-e-type=\"section\">\n\t\t\t\t\t\t<div class=\"elementor-container elementor-column-gap-default\">\n\t\t\t\t\t<div class=\"has_eae_slider elementor-column elementor-col-100 elementor-top-column elementor-element elementor-element-c6ffb92\" data-eae-slider=\"92960\" data-id=\"c6ffb92\" data-element_type=\"column\" data-e-type=\"column\">\n\t\t\t<div class=\"elementor-widget-wrap elementor-element-populated\">\n\t\t\t\t\t\t<div class=\"elementor-element elementor-element-76fd891 elementor-widget elementor-widget-spacer\" data-id=\"76fd891\" data-element_type=\"widget\" data-e-type=\"widget\" data-widget_type=\"spacer.default\">\n\t\t\t\t<div class=\"elementor-widget-container\">\n\t\t\t\t\t\t\t<div class=\"elementor-spacer\">\n\t\t\t<div class=\"elementor-spacer-inner\"><\/div>\n\t\t<\/div>\n\t\t\t\t\t\t<\/div>\n\t\t\t\t<\/div>\n\t\t\t\t<div class=\"elementor-element elementor-element-66e973f elementor-widget elementor-widget-text-editor\" data-id=\"66e973f\" data-element_type=\"widget\" data-e-type=\"widget\" data-widget_type=\"text-editor.default\">\n\t\t\t\t<div class=\"elementor-widget-container\">\n\t\t\t\t\t\t\t\t\t<p>Ch\u00e2teau Perron is located near the Church of Lalande-de-Pomerol, built in the 12th century by the Hospitallers of St John of Jerusalem, Knights of Malta. The Ch\u00e2teau was built in 1642 and is one of the oldest wine estate of the appellation. Located in the heart of the Lalande-de-Pomerol appellation, Ch\u00e2teau Perron extends over 36 hectares of vineyards in the Lalande-de-Pomerol appellation.<\/p>\t\t\t\t\t\t\t\t<\/div>\n\t\t\t\t<\/div>\n\t\t\t\t<div class=\"elementor-element elementor-element-12785f2 elementor-widget elementor-widget-spacer\" data-id=\"12785f2\" data-element_type=\"widget\" data-e-type=\"widget\" data-widget_type=\"spacer.default\">\n\t\t\t\t<div class=\"elementor-widget-container\">\n\t\t\t\t\t\t\t<div class=\"elementor-spacer\">\n\t\t\t<div class=\"elementor-spacer-inner\"><\/div>\n\t\t<\/div>\n\t\t\t\t\t\t<\/div>\n\t\t\t\t<\/div>\n\t\t\t\t\t<\/div>\n\t\t<\/div>\n\t\t\t\t\t<\/div>\n\t\t<\/section>\n\t\t\t\t<section class=\"has_eae_slider elementor-section elementor-top-section elementor-element elementor-element-5d8c9e00 elementor-section-content-middle elementor-section-full_width elementor-section-stretched elementor-section-height-default elementor-section-height-default\" data-eae-slider=\"1601\" data-id=\"5d8c9e00\" data-element_type=\"section\" data-e-type=\"section\" data-settings=\"{&quot;stretch_section&quot;:&quot;section-stretched&quot;,&quot;background_background&quot;:&quot;classic&quot;}\">\n\t\t\t\t\t\t<div class=\"elementor-container elementor-column-gap-no\">\n\t\t\t\t\t<div class=\"has_eae_slider elementor-column elementor-col-33 elementor-top-column elementor-element elementor-element-76f64413 animated-slow elementor-invisible\" data-eae-slider=\"92698\" data-id=\"76f64413\" data-element_type=\"column\" data-e-type=\"column\" data-settings=\"{&quot;animation&quot;:&quot;fadeInLeft&quot;,&quot;animation_mobile&quot;:&quot;none&quot;}\">\n\t\t\t<div class=\"elementor-widget-wrap elementor-element-populated\">\n\t\t\t\t\t\t<div class=\"elementor-element elementor-element-4b04488b elementor-widget elementor-widget-heading\" data-id=\"4b04488b\" data-element_type=\"widget\" data-e-type=\"widget\" data-widget_type=\"heading.default\">\n\t\t\t\t<div class=\"elementor-widget-container\">\n\t\t\t\t\t<h3 class=\"elementor-heading-title elementor-size-default\">Family-owned property<\/h3>\t\t\t\t<\/div>\n\t\t\t\t<\/div>\n\t\t\t\t<div class=\"elementor-element elementor-element-21224530 elementor-widget-divider--view-line elementor-widget elementor-widget-divider\" data-id=\"21224530\" data-element_type=\"widget\" data-e-type=\"widget\" data-widget_type=\"divider.default\">\n\t\t\t\t<div class=\"elementor-widget-container\">\n\t\t\t\t\t\t\t<div class=\"elementor-divider\">\n\t\t\t<span class=\"elementor-divider-separator\">\n\t\t\t\t\t\t<\/span>\n\t\t<\/div>\n\t\t\t\t\t\t<\/div>\n\t\t\t\t<\/div>\n\t\t\t\t\t<\/div>\n\t\t<\/div>\n\t\t\t\t<div class=\"has_eae_slider elementor-column elementor-col-33 elementor-top-column elementor-element elementor-element-5756306a animated-slow elementor-invisible\" data-eae-slider=\"42177\" data-id=\"5756306a\" data-element_type=\"column\" data-e-type=\"column\" data-settings=\"{&quot;background_background&quot;:&quot;classic&quot;,&quot;animation&quot;:&quot;fadeIn&quot;}\">\n\t\t\t<div class=\"elementor-widget-wrap elementor-element-populated\">\n\t\t\t\t\t\t<div class=\"elementor-element elementor-element-50708d1b animated-slow elementor-invisible elementor-widget elementor-widget-image\" data-id=\"50708d1b\" data-element_type=\"widget\" data-e-type=\"widget\" data-settings=\"{&quot;_animation&quot;:&quot;fadeIn&quot;}\" data-widget_type=\"image.default\">\n\t\t\t\t<div class=\"elementor-widget-container\">\n\t\t\t\t\t\t\t\t\t\t\t\t\t\t\t\t<a href=\"https:\/\/chateauperron.net\/wp-content\/uploads\/2023\/04\/photo-en-noir-et-blanc-famille-MASSONIE.jpg\" data-elementor-open-lightbox=\"yes\" data-elementor-lightbox-title=\"Famille MASSONIE pendant les vendanges\" data-e-action-hash=\"#elementor-action%3Aaction%3Dlightbox%26settings%3DeyJpZCI6NDA5MSwidXJsIjoiaHR0cHM6XC9cL2NoYXRlYXVwZXJyb24ubmV0XC93cC1jb250ZW50XC91cGxvYWRzXC8yMDIzXC8wNFwvcGhvdG8tZW4tbm9pci1ldC1ibGFuYy1mYW1pbGxlLU1BU1NPTklFLmpwZyJ9\">\n\t\t\t\t\t\t\t<img fetchpriority=\"high\" decoding=\"async\" width=\"1076\" height=\"709\" src=\"https:\/\/chateauperron.net\/wp-content\/uploads\/2023\/04\/photo-en-noir-et-blanc-famille-MASSONIE.jpg\" class=\"elementor-animation-grow attachment-full size-full wp-image-4091\" alt=\"Photo de Michel-Pierre et Bertrand Massonie lors des vendanges.\" srcset=\"https:\/\/chateauperron.net\/wp-content\/uploads\/2023\/04\/photo-en-noir-et-blanc-famille-MASSONIE.jpg 1076w, https:\/\/chateauperron.net\/wp-content\/uploads\/2023\/04\/photo-en-noir-et-blanc-famille-MASSONIE-300x198.jpg 300w, https:\/\/chateauperron.net\/wp-content\/uploads\/2023\/04\/photo-en-noir-et-blanc-famille-MASSONIE-600x395.jpg 600w, https:\/\/chateauperron.net\/wp-content\/uploads\/2023\/04\/photo-en-noir-et-blanc-famille-MASSONIE-1024x675.jpg 1024w, https:\/\/chateauperron.net\/wp-content\/uploads\/2023\/04\/photo-en-noir-et-blanc-famille-MASSONIE-768x506.jpg 768w\" sizes=\"(max-width: 1076px) 100vw, 1076px\" \/>\t\t\t\t\t\t\t\t<\/a>\n\t\t\t\t\t\t\t\t\t\t\t\t\t\t\t<\/div>\n\t\t\t\t<\/div>\n\t\t\t\t<div class=\"elementor-element elementor-element-6239fe0d elementor-widget elementor-widget-text-editor\" data-id=\"6239fe0d\" data-element_type=\"widget\" data-e-type=\"widget\" data-widget_type=\"text-editor.default\">\n\t\t\t\t<div class=\"elementor-widget-container\">\n\t\t\t\t\t\t\t\t\t<p>Ch\u00e2teau PERRON has been owned by the Massonie family for three generations. Since 1958, the management of the Ch\u00e2teau has been family-run.<\/p>\t\t\t\t\t\t\t\t<\/div>\n\t\t\t\t<\/div>\n\t\t\t\t\t<\/div>\n\t\t<\/div>\n\t\t\t\t<div class=\"has_eae_slider elementor-column elementor-col-33 elementor-top-column elementor-element elementor-element-36e52519 animated-slow elementor-invisible\" data-eae-slider=\"64844\" data-id=\"36e52519\" data-element_type=\"column\" data-e-type=\"column\" data-settings=\"{&quot;animation&quot;:&quot;fadeIn&quot;,&quot;animation_mobile&quot;:&quot;none&quot;}\">\n\t\t\t<div class=\"elementor-widget-wrap elementor-element-populated\">\n\t\t\t\t\t\t<div class=\"elementor-element elementor-element-665397f2 elementor-widget elementor-widget-text-editor\" data-id=\"665397f2\" data-element_type=\"widget\" data-e-type=\"widget\" data-widget_type=\"text-editor.default\">\n\t\t\t\t<div class=\"elementor-widget-container\">\n\t\t\t\t\t\t\t\t\t<p>First with Auguste Massonie and his son Michel-Pierre Massonie. Since 2000, his three children, B\u00e9atrice, Bertrand, and Thibault represent Ch\u00e2teau Perron.<\/p>\t\t\t\t\t\t\t\t<\/div>\n\t\t\t\t<\/div>\n\t\t\t\t<div class=\"elementor-element elementor-element-462f18f4 animated-slow elementor-invisible elementor-widget elementor-widget-image\" data-id=\"462f18f4\" data-element_type=\"widget\" data-e-type=\"widget\" data-settings=\"{&quot;_animation&quot;:&quot;fadeIn&quot;}\" data-widget_type=\"image.default\">\n\t\t\t\t<div class=\"elementor-widget-container\">\n\t\t\t\t\t\t\t\t\t\t\t\t\t\t\t\t<a href=\"https:\/\/chateauperron.net\/wp-content\/uploads\/2023\/04\/Monsieur-et-Madame-MASSONIE.jpg\" data-elementor-open-lightbox=\"yes\" data-elementor-lightbox-title=\"Monsieur et Madame MASSONIE\" data-e-action-hash=\"#elementor-action%3Aaction%3Dlightbox%26settings%3DeyJpZCI6NDA4OSwidXJsIjoiaHR0cHM6XC9cL2NoYXRlYXVwZXJyb24ubmV0XC93cC1jb250ZW50XC91cGxvYWRzXC8yMDIzXC8wNFwvTW9uc2lldXItZXQtTWFkYW1lLU1BU1NPTklFLmpwZyJ9\">\n\t\t\t\t\t\t\t<img decoding=\"async\" width=\"1076\" height=\"709\" src=\"https:\/\/chateauperron.net\/wp-content\/uploads\/2023\/04\/Monsieur-et-Madame-MASSONIE.jpg\" class=\"elementor-animation-grow attachment-full size-full wp-image-4089\" alt=\"Ancienne photo de Michel-Pierre Massonie et de Genevi\u00e8ve Massonie dans le Ch\u00e2teau Perron.\" srcset=\"https:\/\/chateauperron.net\/wp-content\/uploads\/2023\/04\/Monsieur-et-Madame-MASSONIE.jpg 1076w, https:\/\/chateauperron.net\/wp-content\/uploads\/2023\/04\/Monsieur-et-Madame-MASSONIE-300x198.jpg 300w, https:\/\/chateauperron.net\/wp-content\/uploads\/2023\/04\/Monsieur-et-Madame-MASSONIE-600x395.jpg 600w, https:\/\/chateauperron.net\/wp-content\/uploads\/2023\/04\/Monsieur-et-Madame-MASSONIE-1024x675.jpg 1024w, https:\/\/chateauperron.net\/wp-content\/uploads\/2023\/04\/Monsieur-et-Madame-MASSONIE-768x506.jpg 768w\" sizes=\"(max-width: 1076px) 100vw, 1076px\" \/>\t\t\t\t\t\t\t\t<\/a>\n\t\t\t\t\t\t\t\t\t\t\t\t\t\t\t<\/div>\n\t\t\t\t<\/div>\n\t\t\t\t\t<\/div>\n\t\t<\/div>\n\t\t\t\t\t<\/div>\n\t\t<\/section>\n\t\t\t\t<section class=\"has_eae_slider elementor-section elementor-top-section elementor-element elementor-element-ddbb58f elementor-section-boxed elementor-section-height-default elementor-section-height-default elementor-invisible\" data-eae-slider=\"23435\" data-id=\"ddbb58f\" data-element_type=\"section\" data-e-type=\"section\" data-settings=\"{&quot;animation&quot;:&quot;fadeIn&quot;}\">\n\t\t\t\t\t\t<div class=\"elementor-container elementor-column-gap-default\">\n\t\t\t\t\t<div class=\"has_eae_slider elementor-column elementor-col-100 elementor-top-column elementor-element elementor-element-eb916f8\" data-eae-slider=\"3149\" data-id=\"eb916f8\" data-element_type=\"column\" data-e-type=\"column\">\n\t\t\t<div class=\"elementor-widget-wrap elementor-element-populated\">\n\t\t\t\t\t\t<div class=\"elementor-element elementor-element-ad8591d elementor-widget elementor-widget-spacer\" data-id=\"ad8591d\" data-element_type=\"widget\" data-e-type=\"widget\" data-widget_type=\"spacer.default\">\n\t\t\t\t<div class=\"elementor-widget-container\">\n\t\t\t\t\t\t\t<div class=\"elementor-spacer\">\n\t\t\t<div class=\"elementor-spacer-inner\"><\/div>\n\t\t<\/div>\n\t\t\t\t\t\t<\/div>\n\t\t\t\t<\/div>\n\t\t\t\t<div class=\"elementor-element elementor-element-6f562e7 elementor-widget elementor-widget-text-editor\" data-id=\"6f562e7\" data-element_type=\"widget\" data-e-type=\"widget\" data-widget_type=\"text-editor.default\">\n\t\t\t\t<div class=\"elementor-widget-container\">\n\t\t\t\t\t\t\t\t\t<p>A new impetus is emerging within our wine estate, we have significantly developed our vineyard with the help of a partner, the CROUVEZIER family from the Vosges, to move to the forefront of our appellation, from 23 hectares to 36. This development has allowed us to gain visibility for our wines on both the French and foreign markets due to the volume produced, but also to expand our range with a newborn wine, Ch\u00e2teau la Croix.<\/p>\t\t\t\t\t\t\t\t<\/div>\n\t\t\t\t<\/div>\n\t\t\t\t<div class=\"elementor-element elementor-element-be8a37e elementor-widget elementor-widget-spacer\" data-id=\"be8a37e\" data-element_type=\"widget\" data-e-type=\"widget\" data-widget_type=\"spacer.default\">\n\t\t\t\t<div class=\"elementor-widget-container\">\n\t\t\t\t\t\t\t<div class=\"elementor-spacer\">\n\t\t\t<div class=\"elementor-spacer-inner\"><\/div>\n\t\t<\/div>\n\t\t\t\t\t\t<\/div>\n\t\t\t\t<\/div>\n\t\t\t\t\t<\/div>\n\t\t<\/div>\n\t\t\t\t\t<\/div>\n\t\t<\/section>\n\t\t\t\t<section class=\"has_eae_slider elementor-section elementor-top-section elementor-element elementor-element-35470d4 elementor-section-full_width elementor-section-stretched elementor-section-height-default elementor-section-height-default\" data-eae-slider=\"78814\" data-id=\"35470d4\" data-element_type=\"section\" data-e-type=\"section\" data-settings=\"{&quot;background_background&quot;:&quot;classic&quot;,&quot;stretch_section&quot;:&quot;section-stretched&quot;}\">\n\t\t\t\t\t\t\t<div class=\"elementor-background-overlay\"><\/div>\n\t\t\t\t\t\t\t<div class=\"elementor-container elementor-column-gap-default\">\n\t\t\t\t\t<div class=\"has_eae_slider elementor-column elementor-col-100 elementor-top-column elementor-element elementor-element-132b303\" data-eae-slider=\"30108\" data-id=\"132b303\" data-element_type=\"column\" data-e-type=\"column\">\n\t\t\t<div class=\"elementor-widget-wrap elementor-element-populated\">\n\t\t\t\t\t\t<div class=\"elementor-element elementor-element-a499013 elementor-widget elementor-widget-spacer\" data-id=\"a499013\" data-element_type=\"widget\" data-e-type=\"widget\" data-widget_type=\"spacer.default\">\n\t\t\t\t<div class=\"elementor-widget-container\">\n\t\t\t\t\t\t\t<div class=\"elementor-spacer\">\n\t\t\t<div class=\"elementor-spacer-inner\"><\/div>\n\t\t<\/div>\n\t\t\t\t\t\t<\/div>\n\t\t\t\t<\/div>\n\t\t\t\t<div class=\"elementor-element elementor-element-59f74ab elementor-widget elementor-widget-text-editor\" data-id=\"59f74ab\" data-element_type=\"widget\" data-e-type=\"widget\" data-widget_type=\"text-editor.default\">\n\t\t\t\t<div class=\"elementor-widget-container\">\n\t\t\t\t\t\t\t\t\t<p>Nec Falerno Minor<\/p>\t\t\t\t\t\t\t\t<\/div>\n\t\t\t\t<\/div>\n\t\t\t\t<div class=\"elementor-element elementor-element-ec41e19 elementor-widget elementor-widget-spacer\" data-id=\"ec41e19\" data-element_type=\"widget\" data-e-type=\"widget\" data-widget_type=\"spacer.default\">\n\t\t\t\t<div class=\"elementor-widget-container\">\n\t\t\t\t\t\t\t<div class=\"elementor-spacer\">\n\t\t\t<div class=\"elementor-spacer-inner\"><\/div>\n\t\t<\/div>\n\t\t\t\t\t\t<\/div>\n\t\t\t\t<\/div>\n\t\t\t\t\t<\/div>\n\t\t<\/div>\n\t\t\t\t\t<\/div>\n\t\t<\/section>\n\t\t\t\t<section class=\"has_eae_slider elementor-section elementor-top-section elementor-element elementor-element-0d629cf elementor-section-boxed elementor-section-height-default elementor-section-height-default\" data-eae-slider=\"6985\" data-id=\"0d629cf\" data-element_type=\"section\" data-e-type=\"section\" data-settings=\"{&quot;animation&quot;:&quot;none&quot;}\">\n\t\t\t\t\t\t<div class=\"elementor-container elementor-column-gap-default\">\n\t\t\t\t\t<div class=\"has_eae_slider elementor-column elementor-col-100 elementor-top-column elementor-element elementor-element-e4d94a3\" data-eae-slider=\"92619\" data-id=\"e4d94a3\" data-element_type=\"column\" data-e-type=\"column\">\n\t\t\t<div class=\"elementor-widget-wrap elementor-element-populated\">\n\t\t\t\t\t\t<div class=\"elementor-element elementor-element-e184704 elementor-invisible elementor-widget elementor-widget-heading\" data-id=\"e184704\" data-element_type=\"widget\" data-e-type=\"widget\" data-settings=\"{&quot;_animation&quot;:&quot;fadeInLeft&quot;,&quot;_animation_mobile&quot;:&quot;none&quot;}\" data-widget_type=\"heading.default\">\n\t\t\t\t<div class=\"elementor-widget-container\">\n\t\t\t\t\t<h2 class=\"elementor-heading-title elementor-size-default\">The discovery of prehistoric remains in Lalande-de-Pomerol on the land of \"PERRON\"<\/h2>\t\t\t\t<\/div>\n\t\t\t\t<\/div>\n\t\t\t\t<div class=\"elementor-element elementor-element-2702a00 animated-slow elementor-invisible elementor-widget elementor-widget-text-editor\" data-id=\"2702a00\" data-element_type=\"widget\" data-e-type=\"widget\" data-settings=\"{&quot;_animation&quot;:&quot;fadeIn&quot;,&quot;_animation_mobile&quot;:&quot;none&quot;}\" data-widget_type=\"text-editor.default\">\n\t\t\t\t<div class=\"elementor-widget-container\">\n\t\t\t\t\t\t\t\t\t<p>During the construction of underground vats at Ch\u00e2teau Perron in 1960, prehistoric stones were discovered by digging deeply into the earth. These stones were dated to the Neolithic period of \u00ab\u00a0Campinian\u00a0\u00bb tradition, about 5000 years BC.\u00a0<\/p><p>Some of these stones were still being prepared for polishing, while others were already polished. This discovery suggests that a polishing workshop was probably established at this location by prehistoric men, as evidenced by the stones analyzed by the curator of the Museum of Saintes at the time.<\/p><p>Thus, we have the opportunity to join the site of Saint-Germain-de-la-Rivi\u00e8re in Gironde where many testimonies of the life of prehistoric men also exist in our region of Libournais, and especially on the site of Ch\u00e2teau Perron.<\/p>\t\t\t\t\t\t\t\t<\/div>\n\t\t\t\t<\/div>\n\t\t\t\t<div class=\"elementor-element elementor-element-c7acd78 elementor-widget elementor-widget-text-editor\" data-id=\"c7acd78\" data-element_type=\"widget\" data-e-type=\"widget\" data-settings=\"{&quot;_animation_mobile&quot;:&quot;fadeIn&quot;}\" data-widget_type=\"text-editor.default\">\n\t\t\t\t<div class=\"elementor-widget-container\">\n\t\t\t\t\t\t\t\t\t<p>M-P.Massonie<\/p>\t\t\t\t\t\t\t\t<\/div>\n\t\t\t\t<\/div>\n\t\t\t\t\t<\/div>\n\t\t<\/div>\n\t\t\t\t\t<\/div>\n\t\t<\/section>\n\t\t\t\t<\/div>","protected":false},"excerpt":{"rendered":"<p>The history of the Ch\u00e2teau Ch\u00e2teau Perron is located near the Church of Lalande-de-Pomerol, built in the 12th century by the Hospitallers of St John of Jerusalem, Knights of Malta. The Ch\u00e2teau was built in 1642 and is one of the oldest wine estate of the appellation. Located in the heart of the Lalande-de-Pomerol appellation, [&hellip;]<\/p>\n","protected":false},"author":3,"featured_media":0,"parent":0,"menu_order":0,"comment_status":"closed","ping_status":"closed","template":"","meta":{"_seopress_robots_primary_cat":"","_seopress_titles_title":"History | Ch\u00e2teau Perron : Lalande de Pomerol","_seopress_titles_desc":"Situ\u00e9 pr\u00e8s de l&#039;\u00e9glise de Lalande-de-Pomerol, le Ch\u00e2teau Perron est l&#039;une des propri\u00e9t\u00e9 les plus ancienne de Lalande-de-Pomerol.","_seopress_robots_index":"","footnotes":""},"class_list":["post-3353","page","type-page","status-publish","hentry","entry","owp-thumbs-layout-horizontal","owp-btn-normal","owp-tabs-layout-horizontal","has-no-thumbnails","has-product-nav"],"_links":{"self":[{"href":"https:\/\/chateauperron.net\/en\/wp-json\/wp\/v2\/pages\/3353","targetHints":{"allow":["GET"]}}],"collection":[{"href":"https:\/\/chateauperron.net\/en\/wp-json\/wp\/v2\/pages"}],"about":[{"href":"https:\/\/chateauperron.net\/en\/wp-json\/wp\/v2\/types\/page"}],"author":[{"embeddable":true,"href":"https:\/\/chateauperron.net\/en\/wp-json\/wp\/v2\/users\/3"}],"replies":[{"embeddable":true,"href":"https:\/\/chateauperron.net\/en\/wp-json\/wp\/v2\/comments?post=3353"}],"version-history":[{"count":53,"href":"https:\/\/chateauperron.net\/en\/wp-json\/wp\/v2\/pages\/3353\/revisions"}],"predecessor-version":[{"id":5094,"href":"https:\/\/chateauperron.net\/en\/wp-json\/wp\/v2\/pages\/3353\/revisions\/5094"}],"wp:attachment":[{"href":"https:\/\/chateauperron.net\/en\/wp-json\/wp\/v2\/media?parent=3353"}],"curies":[{"name":"wp","href":"https:\/\/api.w.org\/{rel}","templated":true}]}}