{"id":5995,"date":"2026-05-06T14:00:17","date_gmt":"2026-05-06T13:00:17","guid":{"rendered":"https:\/\/chateauperron.net\/?page_id=5995"},"modified":"2026-05-06T14:23:21","modified_gmt":"2026-05-06T13:23:21","slug":"at-home-wine-tasting","status":"publish","type":"page","link":"https:\/\/chateauperron.net\/en\/at-home-wine-tasting\/","title":{"rendered":"At home wine tasting"},"content":{"rendered":"<div data-elementor-type=\"wp-page\" data-elementor-id=\"5995\" class=\"elementor elementor-5995\">\n\t\t\t\t\t\t<section class=\"has_eae_slider elementor-section elementor-top-section elementor-element elementor-element-d4c144f elementor-section-boxed elementor-section-height-default elementor-section-height-default\" data-eae-slider=\"1039\" data-id=\"d4c144f\" data-element_type=\"section\" data-e-type=\"section\">\n\t\t\t\t\t\t<div class=\"elementor-container elementor-column-gap-default\">\n\t\t\t\t\t<div class=\"has_eae_slider elementor-column elementor-col-100 elementor-top-column elementor-element elementor-element-c19663c\" data-eae-slider=\"60409\" data-id=\"c19663c\" data-element_type=\"column\" data-e-type=\"column\">\n\t\t\t<div class=\"elementor-widget-wrap elementor-element-populated\">\n\t\t\t\t\t\t<div class=\"elementor-element elementor-element-bad4504 elementor-widget elementor-widget-heading\" data-id=\"bad4504\" data-element_type=\"widget\" data-e-type=\"widget\" data-widget_type=\"heading.default\">\n\t\t\t\t<div class=\"elementor-widget-container\">\n\t\t\t\t\t<h2 class=\"elementor-heading-title elementor-size-default\">The ch\u00e2teau experience, brought to you<\/h2>\t\t\t\t<\/div>\n\t\t\t\t<\/div>\n\t\t\t\t<section class=\"has_eae_slider elementor-section elementor-inner-section elementor-element elementor-element-9026466 elementor-section-boxed elementor-section-height-default elementor-section-height-default\" data-eae-slider=\"77412\" data-id=\"9026466\" data-element_type=\"section\" data-e-type=\"section\">\n\t\t\t\t\t\t<div class=\"elementor-container elementor-column-gap-default\">\n\t\t\t\t\t<div class=\"has_eae_slider elementor-column elementor-col-50 elementor-inner-column elementor-element elementor-element-2bdd2eb\" data-eae-slider=\"36076\" data-id=\"2bdd2eb\" data-element_type=\"column\" data-e-type=\"column\">\n\t\t\t<div class=\"elementor-widget-wrap elementor-element-populated\">\n\t\t\t\t\t\t<div class=\"elementor-element elementor-element-8eeaac2 elementor-widget elementor-widget-text-editor\" data-id=\"8eeaac2\" data-element_type=\"widget\" data-e-type=\"widget\" data-widget_type=\"text-editor.default\">\n\t\t\t\t<div class=\"elementor-widget-container\">\n\t\t\t\t\t\t\t\t\t<p data-start=\"2148\" data-end=\"2377\">Enjoy a unique wine experience without leaving your home or holiday residence.<\/p><p data-start=\"2148\" data-end=\"2377\">We bring the spirit of our ch\u00e2teau directly to your table for a private, elegant and convivial tasting of our organic wines from Lalande-de-Pomerol.<\/p><p data-start=\"2379\" data-end=\"2631\">During this privileged moment, we share our expertise, family heritage and the nuances of our wines, paired with carefully selected local delicacies. Each tasting becomes a refined and personal experience, designed to be both immersive and memorable.<\/p>\t\t\t\t\t\t\t\t<\/div>\n\t\t\t\t<\/div>\n\t\t\t\t\t<\/div>\n\t\t<\/div>\n\t\t\t\t<div class=\"has_eae_slider elementor-column elementor-col-50 elementor-inner-column elementor-element elementor-element-8b24ec5\" data-eae-slider=\"83255\" data-id=\"8b24ec5\" data-element_type=\"column\" data-e-type=\"column\">\n\t\t\t<div class=\"elementor-widget-wrap elementor-element-populated\">\n\t\t\t\t\t\t<div class=\"elementor-element elementor-element-11e4dcc elementor-widget elementor-widget-image\" data-id=\"11e4dcc\" data-element_type=\"widget\" data-e-type=\"widget\" data-widget_type=\"image.default\">\n\t\t\t\t<div class=\"elementor-widget-container\">\n\t\t\t\t\t\t\t\t\t\t\t\t\t\t\t<img fetchpriority=\"high\" decoding=\"async\" width=\"1024\" height=\"577\" src=\"https:\/\/chateauperron.net\/wp-content\/uploads\/2026\/04\/20260404_141040-1024x577.jpg\" class=\"attachment-large size-large wp-image-6002\" alt=\"\" srcset=\"https:\/\/chateauperron.net\/wp-content\/uploads\/2026\/04\/20260404_141040-1024x577.jpg 1024w, https:\/\/chateauperron.net\/wp-content\/uploads\/2026\/04\/20260404_141040-300x169.jpg 300w, https:\/\/chateauperron.net\/wp-content\/uploads\/2026\/04\/20260404_141040-768x432.jpg 768w, https:\/\/chateauperron.net\/wp-content\/uploads\/2026\/04\/20260404_141040-1536x865.jpg 1536w, https:\/\/chateauperron.net\/wp-content\/uploads\/2026\/04\/20260404_141040-2048x1153.jpg 2048w, https:\/\/chateauperron.net\/wp-content\/uploads\/2026\/04\/20260404_141040-18x10.jpg 18w, https:\/\/chateauperron.net\/wp-content\/uploads\/2026\/04\/20260404_141040-100x56.jpg 100w, https:\/\/chateauperron.net\/wp-content\/uploads\/2026\/04\/20260404_141040-800x450.jpg 800w, https:\/\/chateauperron.net\/wp-content\/uploads\/2026\/04\/20260404_141040-600x338.jpg 600w\" sizes=\"(max-width: 1024px) 100vw, 1024px\" \/>\t\t\t\t\t\t\t\t\t\t\t\t\t\t\t<\/div>\n\t\t\t\t<\/div>\n\t\t\t\t\t<\/div>\n\t\t<\/div>\n\t\t\t\t\t<\/div>\n\t\t<\/section>\n\t\t\t\t<section class=\"has_eae_slider elementor-section elementor-inner-section elementor-element elementor-element-eb8732b elementor-section-boxed elementor-section-height-default elementor-section-height-default\" data-eae-slider=\"794\" data-id=\"eb8732b\" data-element_type=\"section\" data-e-type=\"section\">\n\t\t\t\t\t\t<div class=\"elementor-container elementor-column-gap-default\">\n\t\t\t\t\t<div class=\"has_eae_slider elementor-column elementor-col-50 elementor-inner-column elementor-element elementor-element-7f9aafa\" data-eae-slider=\"8070\" data-id=\"7f9aafa\" data-element_type=\"column\" data-e-type=\"column\">\n\t\t\t<div class=\"elementor-widget-wrap elementor-element-populated\">\n\t\t\t\t\t\t<div class=\"elementor-element elementor-element-8ba9827 elementor-widget__width-initial elementor-widget elementor-widget-image\" data-id=\"8ba9827\" data-element_type=\"widget\" data-e-type=\"widget\" data-widget_type=\"image.default\">\n\t\t\t\t<div class=\"elementor-widget-container\">\n\t\t\t\t\t\t\t\t\t\t\t\t\t\t\t<img decoding=\"async\" width=\"577\" height=\"1024\" src=\"https:\/\/chateauperron.net\/wp-content\/uploads\/2026\/04\/20260404_140742-rotated-e1778071829605.jpg\" class=\"attachment-large size-large wp-image-6001\" alt=\"\" \/>\t\t\t\t\t\t\t\t\t\t\t\t\t\t\t<\/div>\n\t\t\t\t<\/div>\n\t\t\t\t\t<\/div>\n\t\t<\/div>\n\t\t\t\t<div class=\"has_eae_slider elementor-column elementor-col-50 elementor-inner-column elementor-element elementor-element-ef1139b\" data-eae-slider=\"19208\" data-id=\"ef1139b\" data-element_type=\"column\" data-e-type=\"column\">\n\t\t\t<div class=\"elementor-widget-wrap elementor-element-populated\">\n\t\t\t\t\t\t<div class=\"elementor-element elementor-element-201d59a elementor-widget elementor-widget-heading\" data-id=\"201d59a\" data-element_type=\"widget\" data-e-type=\"widget\" data-widget_type=\"heading.default\">\n\t\t\t\t<div class=\"elementor-widget-container\">\n\t\t\t\t\t<h2 class=\"elementor-heading-title elementor-size-default\">A seamless, fully hosted experience<\/h2>\t\t\t\t<\/div>\n\t\t\t\t<\/div>\n\t\t\t\t<div class=\"elementor-element elementor-element-c28b7b7 elementor-widget elementor-widget-text-editor\" data-id=\"c28b7b7\" data-element_type=\"widget\" data-e-type=\"widget\" data-widget_type=\"text-editor.default\">\n\t\t\t\t<div class=\"elementor-widget-container\">\n\t\t\t\t\t\t\t\t\t<p data-start=\"2683\" data-end=\"2867\">Every tasting is thoughtfully designed to be effortless and complete.<\/p><p data-start=\"2683\" data-end=\"2867\">We come to you with everything needed: glassware, wines, tasting materials and a selection of local specialties.<\/p><p data-start=\"2869\" data-end=\"2908\">All you have to do is enjoy the moment.<\/p>\t\t\t\t\t\t\t\t<\/div>\n\t\t\t\t<\/div>\n\t\t\t\t<div class=\"elementor-element elementor-element-69cf70b elementor-widget__width-initial elementor-widget elementor-widget-image\" data-id=\"69cf70b\" data-element_type=\"widget\" data-e-type=\"widget\" data-widget_type=\"image.default\">\n\t\t\t\t<div class=\"elementor-widget-container\">\n\t\t\t\t\t\t\t\t\t\t\t\t\t\t\t<img decoding=\"async\" width=\"1024\" height=\"576\" src=\"https:\/\/chateauperron.net\/wp-content\/uploads\/2023\/04\/bouteille-de-Perron-verre-de-vin.jpg\" class=\"attachment-large size-large wp-image-4103\" alt=\"Bouteille Ch\u00e2teau Perron 2018 d\u00e9bouch\u00e9e, avec un verre de vin servi.\" srcset=\"https:\/\/chateauperron.net\/wp-content\/uploads\/2023\/04\/bouteille-de-Perron-verre-de-vin.jpg 1024w, https:\/\/chateauperron.net\/wp-content\/uploads\/2023\/04\/bouteille-de-Perron-verre-de-vin-300x169.jpg 300w, https:\/\/chateauperron.net\/wp-content\/uploads\/2023\/04\/bouteille-de-Perron-verre-de-vin-600x338.jpg 600w, https:\/\/chateauperron.net\/wp-content\/uploads\/2023\/04\/bouteille-de-Perron-verre-de-vin-768x432.jpg 768w, https:\/\/chateauperron.net\/wp-content\/uploads\/2023\/04\/bouteille-de-Perron-verre-de-vin-800x450.jpg 800w\" sizes=\"(max-width: 1024px) 100vw, 1024px\" \/>\t\t\t\t\t\t\t\t\t\t\t\t\t\t\t<\/div>\n\t\t\t\t<\/div>\n\t\t\t\t\t<\/div>\n\t\t<\/div>\n\t\t\t\t\t<\/div>\n\t\t<\/section>\n\t\t\t\t<div class=\"elementor-element elementor-element-460f470 elementor-widget elementor-widget-heading\" data-id=\"460f470\" data-element_type=\"widget\" data-e-type=\"widget\" data-widget_type=\"heading.default\">\n\t\t\t\t<div class=\"elementor-widget-container\">\n\t\t\t\t\t<h2 class=\"elementor-heading-title elementor-size-default\"><br>A moment to share<\/h2>\t\t\t\t<\/div>\n\t\t\t\t<\/div>\n\t\t\t\t<section class=\"has_eae_slider elementor-section elementor-inner-section elementor-element elementor-element-cc8452b elementor-section-boxed elementor-section-height-default elementor-section-height-default\" data-eae-slider=\"68742\" data-id=\"cc8452b\" data-element_type=\"section\" data-e-type=\"section\">\n\t\t\t\t\t\t<div class=\"elementor-container elementor-column-gap-default\">\n\t\t\t\t\t<div class=\"has_eae_slider elementor-column elementor-col-50 elementor-inner-column elementor-element elementor-element-8876df5\" data-eae-slider=\"13050\" data-id=\"8876df5\" data-element_type=\"column\" data-e-type=\"column\">\n\t\t\t<div class=\"elementor-widget-wrap elementor-element-populated\">\n\t\t\t\t\t\t<div class=\"elementor-element elementor-element-bed6e2d elementor-widget elementor-widget-image\" data-id=\"bed6e2d\" data-element_type=\"widget\" data-e-type=\"widget\" data-widget_type=\"image.default\">\n\t\t\t\t<div class=\"elementor-widget-container\">\n\t\t\t\t\t\t\t\t\t\t\t\t\t\t\t<img loading=\"lazy\" decoding=\"async\" width=\"411\" height=\"411\" src=\"https:\/\/chateauperron.net\/wp-content\/uploads\/2023\/04\/Verres-de-vin-qui-trinque-1.jpg\" class=\"attachment-large size-large wp-image-4440\" alt=\"Cinq personnes trinquent avec leurs verres de vin rouge.\" srcset=\"https:\/\/chateauperron.net\/wp-content\/uploads\/2023\/04\/Verres-de-vin-qui-trinque-1.jpg 411w, https:\/\/chateauperron.net\/wp-content\/uploads\/2023\/04\/Verres-de-vin-qui-trinque-1-300x300.jpg 300w, https:\/\/chateauperron.net\/wp-content\/uploads\/2023\/04\/Verres-de-vin-qui-trinque-1-100x100.jpg 100w, https:\/\/chateauperron.net\/wp-content\/uploads\/2023\/04\/Verres-de-vin-qui-trinque-1-150x150.jpg 150w\" sizes=\"(max-width: 411px) 100vw, 411px\" \/>\t\t\t\t\t\t\t\t\t\t\t\t\t\t\t<\/div>\n\t\t\t\t<\/div>\n\t\t\t\t\t<\/div>\n\t\t<\/div>\n\t\t\t\t<div class=\"has_eae_slider elementor-column elementor-col-50 elementor-inner-column elementor-element elementor-element-04b7a65\" data-eae-slider=\"50406\" data-id=\"04b7a65\" data-element_type=\"column\" data-e-type=\"column\">\n\t\t\t<div class=\"elementor-widget-wrap elementor-element-populated\">\n\t\t\t\t\t\t<div class=\"elementor-element elementor-element-8345939 elementor-widget elementor-widget-text-editor\" data-id=\"8345939\" data-element_type=\"widget\" data-e-type=\"widget\" data-widget_type=\"text-editor.default\">\n\t\t\t\t<div class=\"elementor-widget-container\">\n\t\t\t\t\t\t\t\t\t<p data-start=\"2942\" data-end=\"3123\">A different way to discover Bordeaux wines \u2014 more intimate, more engaging, more personal.<\/p><p data-start=\"2942\" data-end=\"3123\">Treat yourself \u2014 or someone special \u2014 to a refined and authentic Bordeaux experience.<\/p>\t\t\t\t\t\t\t\t<\/div>\n\t\t\t\t<\/div>\n\t\t\t\t<div class=\"elementor-element elementor-element-45aeadc elementor-align-center elementor-widget elementor-widget-button\" data-id=\"45aeadc\" data-element_type=\"widget\" data-e-type=\"widget\" data-widget_type=\"button.default\">\n\t\t\t\t<div class=\"elementor-widget-container\">\n\t\t\t\t\t\t\t\t\t<div class=\"elementor-button-wrapper\">\n\t\t\t\t\t<a class=\"elementor-button elementor-button-link elementor-size-sm\" href=\"\">\n\t\t\t\t\t\t<span class=\"elementor-button-content-wrapper\">\n\t\t\t\t\t\t\t\t\t<span class=\"elementor-button-text\">Book your private tasting<\/span>\n\t\t\t\t\t<\/span>\n\t\t\t\t\t<\/a>\n\t\t\t\t<\/div>\n\t\t\t\t\t\t\t\t<\/div>\n\t\t\t\t<\/div>\n\t\t\t\t\t<\/div>\n\t\t<\/div>\n\t\t\t\t\t<\/div>\n\t\t<\/section>\n\t\t\t\t<section class=\"has_eae_slider elementor-section elementor-inner-section elementor-element elementor-element-81ea5fd elementor-section-boxed elementor-section-height-default elementor-section-height-default\" data-eae-slider=\"83554\" data-id=\"81ea5fd\" data-element_type=\"section\" data-e-type=\"section\">\n\t\t\t\t\t\t<div class=\"elementor-container elementor-column-gap-default\">\n\t\t\t\t\t<div class=\"has_eae_slider elementor-column elementor-col-50 elementor-inner-column elementor-element elementor-element-3991144\" data-eae-slider=\"99300\" data-id=\"3991144\" data-element_type=\"column\" data-e-type=\"column\">\n\t\t\t<div class=\"elementor-widget-wrap elementor-element-populated\">\n\t\t\t\t\t\t<div class=\"elementor-element elementor-element-28f552c elementor-widget elementor-widget-image\" data-id=\"28f552c\" data-element_type=\"widget\" data-e-type=\"widget\" data-widget_type=\"image.default\">\n\t\t\t\t<div class=\"elementor-widget-container\">\n\t\t\t\t\t\t\t\t\t\t\t\t\t\t\t<img loading=\"lazy\" decoding=\"async\" width=\"577\" height=\"1024\" src=\"https:\/\/chateauperron.net\/wp-content\/uploads\/2026\/04\/20260404_141105-577x1024.jpg\" class=\"attachment-large size-large wp-image-6003\" alt=\"\" srcset=\"https:\/\/chateauperron.net\/wp-content\/uploads\/2026\/04\/20260404_141105-577x1024.jpg 577w, https:\/\/chateauperron.net\/wp-content\/uploads\/2026\/04\/20260404_141105-169x300.jpg 169w, https:\/\/chateauperron.net\/wp-content\/uploads\/2026\/04\/20260404_141105-768x1364.jpg 768w, https:\/\/chateauperron.net\/wp-content\/uploads\/2026\/04\/20260404_141105-865x1536.jpg 865w, https:\/\/chateauperron.net\/wp-content\/uploads\/2026\/04\/20260404_141105-1153x2048.jpg 1153w, https:\/\/chateauperron.net\/wp-content\/uploads\/2026\/04\/20260404_141105-7x12.jpg 7w, https:\/\/chateauperron.net\/wp-content\/uploads\/2026\/04\/20260404_141105-100x178.jpg 100w, https:\/\/chateauperron.net\/wp-content\/uploads\/2026\/04\/20260404_141105-300x533.jpg 300w, https:\/\/chateauperron.net\/wp-content\/uploads\/2026\/04\/20260404_141105-600x1066.jpg 600w, https:\/\/chateauperron.net\/wp-content\/uploads\/2026\/04\/20260404_141105-rotated-e1776852379163.jpg 282w\" sizes=\"(max-width: 577px) 100vw, 577px\" \/>\t\t\t\t\t\t\t\t\t\t\t\t\t\t\t<\/div>\n\t\t\t\t<\/div>\n\t\t\t\t\t<\/div>\n\t\t<\/div>\n\t\t\t\t<div class=\"has_eae_slider elementor-column elementor-col-50 elementor-inner-column elementor-element elementor-element-b7e8a4d\" data-eae-slider=\"95896\" data-id=\"b7e8a4d\" data-element_type=\"column\" data-e-type=\"column\">\n\t\t\t<div class=\"elementor-widget-wrap elementor-element-populated\">\n\t\t\t\t\t\t<div class=\"elementor-element elementor-element-65af2fe elementor-widget elementor-widget-text-editor\" data-id=\"65af2fe\" data-element_type=\"widget\" data-e-type=\"widget\" data-widget_type=\"text-editor.default\">\n\t\t\t\t<div class=\"elementor-widget-container\">\n\t\t\t\t\t\t\t\t\t<h3 data-section-id=\"zihimx\" data-start=\"3327\" data-end=\"3356\">&nbsp;<span style=\"font-size: 18px;\">Practical information<\/span><\/h3>\n<ul data-start=\"3358\" data-end=\"3575\">\n<li data-section-id=\"xyvv\" data-start=\"3358\" data-end=\"3411\">Private tasting at your home or holiday home<\/li>\n<li data-section-id=\"5z7uqh\" data-start=\"3412\" data-end=\"3454\">Duration: approximately 1.5 to 2 hours<\/li>\n<li data-section-id=\"1wefs2i\" data-start=\"3455\" data-end=\"3502\">Up to 8 guests (larger groups upon request)<\/li>\n<li data-section-id=\"9ly425\" data-start=\"3503\" data-end=\"3559\">Travel included within a 25 km radius of the ch\u00e2teau<\/li>\n<li data-section-id=\"1wvgtkw\" data-start=\"3560\" data-end=\"3575\">Price: \u20ac300<\/li>\n<\/ul>\t\t\t\t\t\t\t\t<\/div>\n\t\t\t\t<\/div>\n\t\t\t\t\t<\/div>\n\t\t<\/div>\n\t\t\t\t\t<\/div>\n\t\t<\/section>\n\t\t\t\t\t<\/div>\n\t\t<\/div>\n\t\t\t\t\t<\/div>\n\t\t<\/section>\n\t\t\t\t<\/div>","protected":false},"excerpt":{"rendered":"<p>The ch\u00e2teau experience, brought to you Enjoy a unique wine experience without leaving your home or holiday residence. We bring the spirit of our ch\u00e2teau directly to your table for a private, elegant and convivial tasting of our organic wines from Lalande-de-Pomerol. During this privileged moment, we share our expertise, family heritage and the nuances [&hellip;]<\/p>\n","protected":false},"author":4,"featured_media":0,"parent":0,"menu_order":0,"comment_status":"closed","ping_status":"closed","template":"","meta":{"_seopress_robots_primary_cat":"","_seopress_titles_title":"","_seopress_titles_desc":"","_seopress_robots_index":"","footnotes":""},"class_list":["post-5995","page","type-page","status-publish","hentry","entry","owp-thumbs-layout-horizontal","owp-btn-normal","owp-tabs-layout-horizontal","has-no-thumbnails","has-product-nav"],"_links":{"self":[{"href":"https:\/\/chateauperron.net\/en\/wp-json\/wp\/v2\/pages\/5995","targetHints":{"allow":["GET"]}}],"collection":[{"href":"https:\/\/chateauperron.net\/en\/wp-json\/wp\/v2\/pages"}],"about":[{"href":"https:\/\/chateauperron.net\/en\/wp-json\/wp\/v2\/types\/page"}],"author":[{"embeddable":true,"href":"https:\/\/chateauperron.net\/en\/wp-json\/wp\/v2\/users\/4"}],"replies":[{"embeddable":true,"href":"https:\/\/chateauperron.net\/en\/wp-json\/wp\/v2\/comments?post=5995"}],"version-history":[{"count":20,"href":"https:\/\/chateauperron.net\/en\/wp-json\/wp\/v2\/pages\/5995\/revisions"}],"predecessor-version":[{"id":6037,"href":"https:\/\/chateauperron.net\/en\/wp-json\/wp\/v2\/pages\/5995\/revisions\/6037"}],"wp:attachment":[{"href":"https:\/\/chateauperron.net\/en\/wp-json\/wp\/v2\/media?parent=5995"}],"curies":[{"name":"wp","href":"https:\/\/api.w.org\/{rel}","templated":true}]}}