{"id":5445,"date":"2025-10-29T15:21:20","date_gmt":"2025-10-29T14:21:20","guid":{"rendered":"https:\/\/chateauperron.net\/?post_type=product&#038;p=5445"},"modified":"2026-02-20T11:00:21","modified_gmt":"2026-02-20T10:00:21","slug":"bon-cadeau-degustation-oenologique","status":"publish","type":"product","link":"https:\/\/chateauperron.net\/en\/product\/bon-cadeau-degustation-oenologique\/","title":{"rendered":"Bon cadeau &#8211; D\u00e9gustation oenologique"},"content":{"rendered":"<p class=\"whitespace-break-spaces\"><strong>Bon cadeau \u2013 D\u00e9gustation \u0152nologique au Ch\u00e2teau Perron<\/strong><\/p>\n<p class=\"whitespace-break-spaces\">Plongez au c\u0153ur de l\u2019univers viticole du Ch\u00e2teau Perron avec une exp\u00e9rience \u0153nologique compl\u00e8te, id\u00e9ale pour les passionn\u00e9s ou les curieux souhaitant approfondir leurs connaissances.<\/p>\n<p class=\"whitespace-break-spaces\"><strong>Au programme :<\/strong><\/p>\n<ul>\n<li>Une <strong>visite des chais<\/strong>, suivie d\u2019une <strong>randonn\u00e9e d\u00e9couverte<\/strong> dans les parcelles embl\u00e9matiques du domaine : Merlot, Cabernet Sauvignon et Cabernet Franc. Une occasion unique de comprendre l\u2019<span class=\"followup-block followup-block-hidden cursor-pointer outline-none static inline group-hover\/message:[--hover-opacity:1]\" tabindex=\"0\" data-question=\"Comment le terroir du Ch\u00e2teau Perron influence-t-il sp\u00e9cifiquement les c\u00e9pages Merlot, Cabernet Sauvignon et Cabernet Franc ?\" aria-haspopup=\"dialog\" aria-expanded=\"false\" aria-controls=\"radix-_r_6f_\" data-state=\"closed\">influence du terroir sur nos vins<\/span>.<\/li>\n<li>Un <strong>cours d\u2019\u0153nologie<\/strong> dans les chais, avec une <span class=\"followup-block followup-block-hidden cursor-pointer outline-none static inline group-hover\/message:[--hover-opacity:1]\" tabindex=\"0\" data-question=\"Quelles techniques ou m\u00e9thodes d\u2019analyse sensorielle sont enseign\u00e9es pendant le cours d\u2019\u0153nologie ?\" aria-haspopup=\"dialog\" aria-expanded=\"false\" aria-controls=\"radix-_r_6h_\" data-state=\"closed\">initiation \u00e0 l&rsquo;assemblage <\/span>: apprenez \u00e0 d\u00e9crypter les ar\u00f4mes, les textures et les subtilit\u00e9s de nos crus, <span class=\"followup-block followup-block-hidden cursor-pointer outline-none static inline group-hover\/message:[--hover-opacity:1]\" tabindex=\"0\" data-question=\"Qui sont les experts qui animent le cours d\u2019\u0153nologie et quel est leur parcours ?\" aria-haspopup=\"dialog\" aria-expanded=\"false\" aria-controls=\"radix-_r_6i_\" data-state=\"closed\">guid\u00e9 par nos experts<\/span>.<\/li>\n<li>Une <strong>d\u00e9gustation de trois vins du domaine<\/strong>, <span class=\"followup-block followup-block-hidden cursor-pointer outline-none static inline group-hover\/message:[--hover-opacity:1]\" tabindex=\"0\" data-question=\"Quels crit\u00e8res utilisez-vous pour choisir les deux vins propos\u00e9s lors de la d\u00e9gustation ?\" aria-haspopup=\"dialog\" aria-expanded=\"false\" aria-controls=\"radix-_r_6g_\" data-state=\"closed\">soigneusement s\u00e9lectionn\u00e9s pour illustrer la diversit\u00e9<\/span> et la qualit\u00e9 de notre production.<\/li>\n<\/ul>\n<p class=\"whitespace-break-spaces\">Une exp\u00e9rience immersive et p\u00e9dagogique, pour vivre le vin autrement!<\/p>\n<p>Apr\u00e8s avoir valider et payer la commande, vous pouvez t\u00e9l\u00e9charger le bon de cadeau en format PDF. Merci de renseigner le num\u00e9ro de commande sur le bon cadeau ainsi que votre nom et celle de la \u00a0personne \u00e0 laquelle vous offrez le bon.<\/p>\n","protected":false},"excerpt":{"rendered":"<p>Bon cadeau \u2013 D\u00e9gustation \u0152nologique au Ch\u00e2teau Perron Plongez au c\u0153ur de l\u2019univers viticole du Ch\u00e2teau Perron avec une exp\u00e9rience \u0153nologique compl\u00e8te, id\u00e9ale pour les passionn\u00e9s ou les curieux souhaitant approfondir leurs connaissances. Au programme : Une visite des chais, suivie d\u2019une randonn\u00e9e d\u00e9couverte dans les parcelles embl\u00e9matiques du domaine : Merlot, Cabernet Sauvignon et [&hellip;]<\/p>\n","protected":false},"featured_media":5473,"comment_status":"open","ping_status":"closed","template":"","meta":{"_seopress_robots_primary_cat":"none","_seopress_titles_title":"","_seopress_titles_desc":"","_seopress_robots_index":""},"product_brand":[],"product_cat":[62],"product_tag":[],"class_list":{"0":"post-5445","1":"product","2":"type-product","3":"status-publish","4":"has-post-thumbnail","6":"product_cat-visites","8":"entry","9":"has-media","11":"first","12":"instock","13":"downloadable","14":"taxable","15":"shipping-taxable","16":"purchasable","17":"product-type-simple","18":"has-product-nav","19":"col","20":"span_1_of_4","21":"owp-content-center","22":"item-entry","23":"owp-thumbs-layout-horizontal","24":"owp-btn-normal","25":"owp-tabs-layout-horizontal","26":"has-no-thumbnails"},"_links":{"self":[{"href":"https:\/\/chateauperron.net\/en\/wp-json\/wp\/v2\/product\/5445","targetHints":{"allow":["GET"]}}],"collection":[{"href":"https:\/\/chateauperron.net\/en\/wp-json\/wp\/v2\/product"}],"about":[{"href":"https:\/\/chateauperron.net\/en\/wp-json\/wp\/v2\/types\/product"}],"replies":[{"embeddable":true,"href":"https:\/\/chateauperron.net\/en\/wp-json\/wp\/v2\/comments?post=5445"}],"wp:featuredmedia":[{"embeddable":true,"href":"https:\/\/chateauperron.net\/en\/wp-json\/wp\/v2\/media\/5473"}],"wp:attachment":[{"href":"https:\/\/chateauperron.net\/en\/wp-json\/wp\/v2\/media?parent=5445"}],"wp:term":[{"taxonomy":"product_brand","embeddable":true,"href":"https:\/\/chateauperron.net\/en\/wp-json\/wp\/v2\/product_brand?post=5445"},{"taxonomy":"product_cat","embeddable":true,"href":"https:\/\/chateauperron.net\/en\/wp-json\/wp\/v2\/product_cat?post=5445"},{"taxonomy":"product_tag","embeddable":true,"href":"https:\/\/chateauperron.net\/en\/wp-json\/wp\/v2\/product_tag?post=5445"}],"curies":[{"name":"wp","href":"https:\/\/api.w.org\/{rel}","templated":true}]}}