{"id":5448,"date":"2025-10-29T15:21:36","date_gmt":"2025-10-29T14:21:36","guid":{"rendered":"https:\/\/chateauperron.net\/?post_type=product&#038;p=5448"},"modified":"2026-02-20T10:59:50","modified_gmt":"2026-02-20T09:59:50","slug":"bon-cadeau-degustation-deluxe","status":"publish","type":"product","link":"https:\/\/chateauperron.net\/en\/product\/bon-cadeau-degustation-deluxe\/","title":{"rendered":"Bon cadeau &#8211; D\u00e9gustation deluxe"},"content":{"rendered":"<p class=\"whitespace-break-spaces\"><strong>Bon cadeau \u2013 D\u00e9gustation Deluxe au Ch\u00e2teau Perron<\/strong><\/p>\n<p class=\"whitespace-break-spaces\">Offrez une exp\u00e9rience \u0153nologique d\u2019exception avec notre <strong>D\u00e9gustation Deluxe<\/strong>, sp\u00e9cialement con\u00e7ue pour les amateurs de grands vins et les passionn\u00e9s de terroir.<\/p>\n<p class=\"whitespace-break-spaces\"><strong>Au programme, pour 2 personnes (dur\u00e9e : 2 heures) :<\/strong><\/p>\n<ul>\n<li>Une <strong>randonn\u00e9e d\u00e9couverte<\/strong> dans nos parcelles embl\u00e9matiques : Merlot, Cabernet Sauvignon et Cabernet Franc. Une immersion au c\u0153ur du vignoble pour comprendre l\u2019influence du terroir sur nos vins.<\/li>\n<li>Une <strong>visite priv\u00e9e des chais<\/strong>, o\u00f9 vous d\u00e9couvrirez les secrets de vinification et d\u2019\u00e9levage du Ch\u00e2teau Perron.<\/li>\n<li>Un <strong>cours d\u2019\u0153nologie sur l\u2019assemblage<\/strong>, anim\u00e9 dans les chais : explorez l\u2019art de cr\u00e9er des vins harmonieux et d\u00e9couvrez les subtilit\u00e9s de nos cuv\u00e9es.<\/li>\n<li>Une <strong>d\u00e9gustation de quatre vins du domaine<\/strong>, soigneusement s\u00e9lectionn\u00e9s pour leur caract\u00e8re et leur complexit\u00e9.<\/li>\n<li>Une <strong>d\u00e9gustation \u00ab\u00a0Surprise\u00a0\u00bb<\/strong>, pour clore cette exp\u00e9rience en beaut\u00e9 avec une cuv\u00e9e rare ou un mill\u00e9sime d\u2019exception.<\/li>\n<\/ul>\n<p class=\"whitespace-break-spaces\">Une prestation <strong>exclusive<\/strong>, alliant d\u00e9couverte, savoir-faire et \u00e9motion, pour un moment inoubliable au c\u0153ur de Lalande-de-Pomerol.<\/p>\n<p>&nbsp;<\/p>\n<p>Apr\u00e8s avoir valider et payer la commande, vous pouvez t\u00e9l\u00e9charger le bon de cadeau en format PDF. Merci de renseigner le num\u00e9ro de commande sur le bon cadeau ainsi que votre nom et celle de la \u00a0personne \u00e0 laquelle vous offrez le bon.<\/p>","protected":false},"excerpt":{"rendered":"<p>Bon cadeau \u2013 D\u00e9gustation Deluxe au Ch\u00e2teau Perron Offrez une exp\u00e9rience \u0153nologique d\u2019exception avec notre D\u00e9gustation Deluxe, sp\u00e9cialement con\u00e7ue pour les amateurs de grands vins et les passionn\u00e9s de terroir. Au programme, pour 2 personnes (dur\u00e9e : 2 heures) : Une randonn\u00e9e d\u00e9couverte dans nos parcelles embl\u00e9matiques : Merlot, Cabernet Sauvignon et Cabernet Franc. Une [&hellip;]<\/p>\n","protected":false},"featured_media":5472,"comment_status":"open","ping_status":"closed","template":"","meta":{"_seopress_robots_primary_cat":"none","_seopress_titles_title":"","_seopress_titles_desc":"","_seopress_robots_index":""},"product_brand":[],"product_cat":[62],"product_tag":[],"class_list":{"0":"post-5448","1":"product","2":"type-product","3":"status-publish","4":"has-post-thumbnail","6":"product_cat-visites","8":"entry","9":"has-media","11":"first","12":"instock","13":"downloadable","14":"taxable","15":"shipping-taxable","16":"purchasable","17":"product-type-simple","18":"has-product-nav","19":"col","20":"span_1_of_4","21":"owp-content-center","22":"item-entry","23":"owp-thumbs-layout-horizontal","24":"owp-btn-normal","25":"owp-tabs-layout-horizontal","26":"has-no-thumbnails"},"_links":{"self":[{"href":"https:\/\/chateauperron.net\/en\/wp-json\/wp\/v2\/product\/5448","targetHints":{"allow":["GET"]}}],"collection":[{"href":"https:\/\/chateauperron.net\/en\/wp-json\/wp\/v2\/product"}],"about":[{"href":"https:\/\/chateauperron.net\/en\/wp-json\/wp\/v2\/types\/product"}],"replies":[{"embeddable":true,"href":"https:\/\/chateauperron.net\/en\/wp-json\/wp\/v2\/comments?post=5448"}],"wp:featuredmedia":[{"embeddable":true,"href":"https:\/\/chateauperron.net\/en\/wp-json\/wp\/v2\/media\/5472"}],"wp:attachment":[{"href":"https:\/\/chateauperron.net\/en\/wp-json\/wp\/v2\/media?parent=5448"}],"wp:term":[{"taxonomy":"product_brand","embeddable":true,"href":"https:\/\/chateauperron.net\/en\/wp-json\/wp\/v2\/product_brand?post=5448"},{"taxonomy":"product_cat","embeddable":true,"href":"https:\/\/chateauperron.net\/en\/wp-json\/wp\/v2\/product_cat?post=5448"},{"taxonomy":"product_tag","embeddable":true,"href":"https:\/\/chateauperron.net\/en\/wp-json\/wp\/v2\/product_tag?post=5448"}],"curies":[{"name":"wp","href":"https:\/\/api.w.org\/{rel}","templated":true}]}}