{"id":5449,"date":"2025-10-29T15:25:47","date_gmt":"2025-10-29T14:25:47","guid":{"rendered":"https:\/\/chateauperron.net\/?post_type=product&#038;p=5449"},"modified":"2026-02-20T10:59:11","modified_gmt":"2026-02-20T09:59:11","slug":"bon-cadeau-degustation-decouverte","status":"publish","type":"product","link":"https:\/\/chateauperron.net\/en\/product\/bon-cadeau-degustation-decouverte\/","title":{"rendered":"Bon cadeau &#8211; D\u00e9gustation d\u00e9couverte"},"content":{"rendered":"<p class=\"whitespace-break-spaces\"><strong>Bon cadeau \u2013 Visite et d\u00e9gustation au Ch\u00e2teau Perron<\/strong><\/p>\n<p class=\"whitespace-break-spaces\">Offrez une exp\u00e9rience \u0153nologique inoubliable au c\u0153ur de l\u2019appellation Lalande-de-Pomerol avec ce bon cadeau pour deux personnes.<\/p>\n<p class=\"whitespace-break-spaces\"><strong>Au programme :<\/strong><\/p>\n<ul>\n<li>Une visite guid\u00e9e des chais du Ch\u00e2teau Perron, o\u00f9 l\u2019histoire et le savoir-faire se m\u00ealent pour r\u00e9v\u00e9ler les secrets de nos vins d\u2019exception.<\/li>\n<li>Une d\u00e9gustation de trois vins du domaine, l\u2019occasion de d\u00e9couvrir la richesse et la finesse de nos crus, dans une ambiance chaleureuse et conviviale.<\/li>\n<\/ul>\n<p class=\"whitespace-break-spaces\"><strong>Dur\u00e9e :<\/strong> 1 heure<br \/>\n<strong>Pour :<\/strong> 2 personnes<\/p>\n<p class=\"whitespace-break-spaces\">Parfait pour les amateurs de vin ou pour initier un proche \u00e0 l\u2019art de la d\u00e9gustation, ce bon cadeau est une invitation \u00e0 partager un moment privil\u00e9gi\u00e9 au sein d\u2019un domaine viticole d\u2019exception.<\/p>\n<p>Apres avoir valider et payer la commande, vous pouvez t\u00e9l\u00e9charger le bon de cadeau en format PDF.<br \/>\nMerci de renseigner le num\u00e9ro de commande sur le bon cadeau ainsi que votre nom et celle de la personne \u00e0 laquelle vous offrez le bon.<\/p>","protected":false},"excerpt":{"rendered":"<p>Bon cadeau \u2013 Visite et d\u00e9gustation au Ch\u00e2teau Perron Offrez une exp\u00e9rience \u0153nologique inoubliable au c\u0153ur de l\u2019appellation Lalande-de-Pomerol avec ce bon cadeau pour deux personnes. Au programme : Une visite guid\u00e9e des chais du Ch\u00e2teau Perron, o\u00f9 l\u2019histoire et le savoir-faire se m\u00ealent pour r\u00e9v\u00e9ler les secrets de nos vins d\u2019exception. Une d\u00e9gustation de [&hellip;]<\/p>\n","protected":false},"featured_media":5471,"comment_status":"open","ping_status":"closed","template":"","meta":{"_seopress_robots_primary_cat":"none","_seopress_titles_title":"","_seopress_titles_desc":"","_seopress_robots_index":""},"product_brand":[],"product_cat":[62],"product_tag":[],"class_list":{"0":"post-5449","1":"product","2":"type-product","3":"status-publish","4":"has-post-thumbnail","6":"product_cat-visites","8":"entry","9":"has-media","11":"first","12":"instock","13":"downloadable","14":"taxable","15":"shipping-taxable","16":"purchasable","17":"product-type-simple","18":"has-product-nav","19":"col","20":"span_1_of_4","21":"owp-content-center","22":"item-entry","23":"owp-thumbs-layout-horizontal","24":"owp-btn-normal","25":"owp-tabs-layout-horizontal","26":"has-no-thumbnails"},"_links":{"self":[{"href":"https:\/\/chateauperron.net\/en\/wp-json\/wp\/v2\/product\/5449","targetHints":{"allow":["GET"]}}],"collection":[{"href":"https:\/\/chateauperron.net\/en\/wp-json\/wp\/v2\/product"}],"about":[{"href":"https:\/\/chateauperron.net\/en\/wp-json\/wp\/v2\/types\/product"}],"replies":[{"embeddable":true,"href":"https:\/\/chateauperron.net\/en\/wp-json\/wp\/v2\/comments?post=5449"}],"wp:featuredmedia":[{"embeddable":true,"href":"https:\/\/chateauperron.net\/en\/wp-json\/wp\/v2\/media\/5471"}],"wp:attachment":[{"href":"https:\/\/chateauperron.net\/en\/wp-json\/wp\/v2\/media?parent=5449"}],"wp:term":[{"taxonomy":"product_brand","embeddable":true,"href":"https:\/\/chateauperron.net\/en\/wp-json\/wp\/v2\/product_brand?post=5449"},{"taxonomy":"product_cat","embeddable":true,"href":"https:\/\/chateauperron.net\/en\/wp-json\/wp\/v2\/product_cat?post=5449"},{"taxonomy":"product_tag","embeddable":true,"href":"https:\/\/chateauperron.net\/en\/wp-json\/wp\/v2\/product_tag?post=5449"}],"curies":[{"name":"wp","href":"https:\/\/api.w.org\/{rel}","templated":true}]}}