{"id":5807,"date":"2026-02-19T21:01:22","date_gmt":"2026-02-19T20:01:22","guid":{"rendered":"https:\/\/chateauperron.net\/?post_type=product&#038;p=5807"},"modified":"2026-02-20T17:42:07","modified_gmt":"2026-02-20T16:42:07","slug":"chateau-perron-2018-double-magnum","status":"publish","type":"product","link":"https:\/\/chateauperron.net\/en\/product\/chateau-perron-2018-double-magnum\/","title":{"rendered":"Ch\u00e2teau PERRON 2018 DOUBLE MAGNUM"},"content":{"rendered":"<h2 data-start=\"1796\" data-end=\"1856\">Un Lalande-de-Pomerol au rapport qualit\u00e9-prix remarquable<\/h2>\n<p data-start=\"355\" data-end=\"555\">Ch\u00e2teau Perron offre la structure et l\u2019\u00e9l\u00e9gance d\u2019un grand vin de la Rive Droite, avec une accessibilit\u00e9 rare pour son appellation. Etablie en 1642, la propri\u00e9t\u00e9 est g\u00e9r\u00e9e par la famille Massonie depuis 1957. Ch\u00e2teau Perron exprime toute la richesse des sols graveleux et argilo-ferrugineux de son appellation.<\/p>\n<h2 data-start=\"813\" data-end=\"829\">Profil du vin<\/h2>\n<p data-start=\"831\" data-end=\"906\"><strong data-start=\"831\" data-end=\"845\">Assemblage<\/strong><br data-start=\"845\" data-end=\"848\" \/>80% Merlot \u2013 10% Cabernet Franc \u2013 10% Cabernet Sauvignon<\/p>\n<p data-start=\"831\" data-end=\"906\"><strong>Au nez<\/strong><\/p>\n<p data-start=\"831\" data-end=\"906\">Un bouquet intense et \u00e9l\u00e9gant o\u00f9 se m\u00ealent des ar\u00f4mes de fruits noirs bien m\u00fbrs (m\u00fbre, prune, cerise noir, cassis), une pointe de r\u00e9glisse, et des notes vanill\u00e9es apport\u00e9es par l\u2019\u00e9levage. Une subtile touche d\u2019\u00e9pices douces ( cannelle, clou de girofle) et une nuance de tabac compl\u00e8tent ce profil aromatique.<\/p>\n<p data-start=\"908\" data-end=\"1087\"><strong data-start=\"908\" data-end=\"921\">En bouche<\/strong><\/p>\n<p data-start=\"908\" data-end=\"1087\">Ample, structur\u00e9, g\u00e9n\u00e9reux sans lourdeur. Le Merlot apporte la rondeur, le Cabernet Franc la fra\u00eecheur aromatique, le Cabernet Sauvignon la tenue et la profondeur.<\/p>\n<h2 data-start=\"1702\" data-end=\"1729\">Pour quelles occasions ?<\/h2>\n<p data-start=\"1858\" data-end=\"1989\">\u00a0Id\u00e9al pour accompagner la finesse d&rsquo;un d\u00eener gastronomique.<\/p>\n<p>Viandes grill\u00e9es comme l&rsquo;entrec\u00f4te Bordelaise, la c\u00f4te de b\u0153uf, ou l&rsquo;agneau r\u00f4ti aux herbes. R\u00f4ti de porc aux pruneaux et volailles r\u00f4ties.<\/p>\n<p>Charcuterie et fromages.<\/p>\n<p data-start=\"1176\" data-end=\"1231\"><strong>Service :<\/strong> 16\u201318\u00b0C. Carafage conseill\u00e9.<\/p>\n<p data-start=\"1176\" data-end=\"1231\"><strong>Potentiel de garde :<\/strong> 5 &#8211; 10 ans, voir plus<\/p>\n<p data-start=\"1176\" data-end=\"1231\">13.5% alc.<\/p>","protected":false},"excerpt":{"rendered":"<p data-start=\"272\" data-end=\"353\">Un grand Bordeaux de la Rive Droite, alliant rondeur, profondeur et \u00e9l\u00e9gance.<\/p>\n<p data-start=\"272\" data-end=\"353\">\u2714 Texture velout\u00e9e et tanins soyeux<br data-start=\"629\" data-end=\"632\" \/>\u2714 Fruits noirs m\u00fbrs, \u00e9pices fines, belle longueur<br data-start=\"681\" data-end=\"684\" \/>\u2714 Accessible jeune, potentiel de garde 5 \u00e0 10 ans<\/p>","protected":false},"featured_media":4680,"comment_status":"open","ping_status":"closed","template":"","meta":{"_seopress_robots_primary_cat":"none","_seopress_titles_title":"","_seopress_titles_desc":"","_seopress_robots_index":""},"product_brand":[],"product_cat":[70,66],"product_tag":[],"class_list":{"0":"post-5807","1":"product","2":"type-product","3":"status-publish","4":"has-post-thumbnail","6":"product_cat-double-magnum-3l","7":"product_cat-chateau-perron","9":"entry","10":"has-media","12":"first","13":"instock","14":"taxable","15":"shipping-taxable","16":"purchasable","17":"product-type-simple","18":"has-product-nav","19":"col","20":"span_1_of_4","21":"owp-content-center","22":"item-entry","23":"owp-thumbs-layout-horizontal","24":"owp-btn-normal","25":"owp-tabs-layout-horizontal","26":"has-no-thumbnails"},"_links":{"self":[{"href":"https:\/\/chateauperron.net\/en\/wp-json\/wp\/v2\/product\/5807","targetHints":{"allow":["GET"]}}],"collection":[{"href":"https:\/\/chateauperron.net\/en\/wp-json\/wp\/v2\/product"}],"about":[{"href":"https:\/\/chateauperron.net\/en\/wp-json\/wp\/v2\/types\/product"}],"replies":[{"embeddable":true,"href":"https:\/\/chateauperron.net\/en\/wp-json\/wp\/v2\/comments?post=5807"}],"wp:featuredmedia":[{"embeddable":true,"href":"https:\/\/chateauperron.net\/en\/wp-json\/wp\/v2\/media\/4680"}],"wp:attachment":[{"href":"https:\/\/chateauperron.net\/en\/wp-json\/wp\/v2\/media?parent=5807"}],"wp:term":[{"taxonomy":"product_brand","embeddable":true,"href":"https:\/\/chateauperron.net\/en\/wp-json\/wp\/v2\/product_brand?post=5807"},{"taxonomy":"product_cat","embeddable":true,"href":"https:\/\/chateauperron.net\/en\/wp-json\/wp\/v2\/product_cat?post=5807"},{"taxonomy":"product_tag","embeddable":true,"href":"https:\/\/chateauperron.net\/en\/wp-json\/wp\/v2\/product_tag?post=5807"}],"curies":[{"name":"wp","href":"https:\/\/api.w.org\/{rel}","templated":true}]}}