{"id":5917,"date":"2026-03-04T17:06:33","date_gmt":"2026-03-04T16:06:33","guid":{"rendered":"https:\/\/chateauperron.net\/?post_type=product&#038;p=5917"},"modified":"2026-04-02T15:38:43","modified_gmt":"2026-04-02T14:38:43","slug":"dejeuner-gourmand-portes-ouverts-2026","status":"publish","type":"product","link":"https:\/\/chateauperron.net\/en\/product\/dejeuner-gourmand-portes-ouverts-2026\/","title":{"rendered":"D\u00e9jeuner Gourmand &#8211; Portes ouverts 2026"},"content":{"rendered":"<p><strong>R\u00e9servez votre d\u00e9jeuner gourmand \u2013 Portes Ouvertes 2026<\/strong><\/p>\n<p>Profitez d\u2019un <strong>menu complet<\/strong> (entr\u00e9e, plat, fromage, dessert) <strong>accompagn\u00e9 de nos vins<\/strong>, sp\u00e9cialement s\u00e9lectionn\u00e9s pour des accords mets et vins parfaits. Une occasion unique de d\u00e9guster nos cuv\u00e9es tout en savourant une cuisine locale et raffin\u00e9e.<\/p>\n<p style=\"text-align: center;\"><strong>Menu :\u00a0<\/strong><\/p>\n<p style=\"text-align: center;\"><em><span class=\"a_GcMg font-feature-liga-off font-feature-clig-off font-feature-calt-off text-decoration-none text-strikethrough-none\">Salade Perigourdine (g\u00e9sier, magret fum\u00e9)<\/span><\/em><\/p>\n<p class=\"cvGsUA direction-ltr align-center para-style-body\" style=\"text-align: center;\"><em><span class=\"a_GcMg font-feature-liga-off font-feature-clig-off font-feature-calt-off text-decoration-none text-strikethrough-none\">Pi\u00e8ce de boeuf, pommes de terre grenaille<\/span> <span class=\"a_GcMg font-feature-liga-off font-feature-clig-off font-feature-calt-off text-decoration-none text-strikethrough-none\">et l\u00e9gumes printaniers<\/span><\/em><\/p>\n<p class=\"cvGsUA direction-ltr align-center para-style-body\" style=\"text-align: center;\"><em><span class=\"a_GcMg font-feature-liga-off font-feature-clig-off font-feature-calt-off text-decoration-none text-strikethrough-none\">Assiette de fromages affin\u00e9s<\/span><\/em><\/p>\n<p class=\"cvGsUA direction-ltr align-center para-style-body\" style=\"text-align: center;\"><em><span class=\"a_GcMg font-feature-liga-off font-feature-clig-off font-feature-calt-off text-decoration-none text-strikethrough-none\">Moelleux au chocolat<\/span><\/em><\/p>\n<p><strong>Prix : 40\u20ac par personne (tout compris).<\/strong><\/p>\n<p><strong>R\u00e9servation obligatoire<\/strong> : Ajoutez <strong>autant de \u00ab\u00a0d\u00e9jeuners\u00a0\u00bb \u00e0 votre panier<\/strong> que de convives pour valider votre r\u00e9servation.<\/p>\n<p><em>Places limit\u00e9es \u2013 R\u00e9servez vite !<\/em> \ud83c\udf77\u2728<\/p>","protected":false},"excerpt":{"rendered":"<p>R\u00e9servez votre d\u00e9jeuner gourmand \u2013 Portes Ouvertes 2026 Profitez d\u2019un menu complet (entr\u00e9e, plat, fromage, dessert) accompagn\u00e9 de nos vins, sp\u00e9cialement s\u00e9lectionn\u00e9s pour des accords mets et vins parfaits. Une occasion unique de d\u00e9guster nos cuv\u00e9es tout en savourant une cuisine locale et raffin\u00e9e. Menu :\u00a0 Salade Perigourdine (g\u00e9sier, magret fum\u00e9) Pi\u00e8ce de boeuf, pommes [&hellip;]<\/p>\n","protected":false},"featured_media":5957,"comment_status":"open","ping_status":"closed","template":"","meta":{"_seopress_robots_primary_cat":"none","_seopress_titles_title":"","_seopress_titles_desc":"","_seopress_robots_index":""},"product_brand":[],"product_cat":[62],"product_tag":[],"class_list":{"0":"post-5917","1":"product","2":"type-product","3":"status-publish","4":"has-post-thumbnail","6":"product_cat-visites","8":"entry","9":"has-media","11":"first","12":"instock","13":"taxable","14":"shipping-taxable","15":"purchasable","16":"product-type-variable","17":"has-product-nav","18":"col","19":"span_1_of_4","20":"owp-content-center","21":"item-entry","22":"owp-thumbs-layout-horizontal","23":"owp-btn-normal","24":"owp-tabs-layout-horizontal","25":"has-no-thumbnails"},"_links":{"self":[{"href":"https:\/\/chateauperron.net\/en\/wp-json\/wp\/v2\/product\/5917","targetHints":{"allow":["GET"]}}],"collection":[{"href":"https:\/\/chateauperron.net\/en\/wp-json\/wp\/v2\/product"}],"about":[{"href":"https:\/\/chateauperron.net\/en\/wp-json\/wp\/v2\/types\/product"}],"replies":[{"embeddable":true,"href":"https:\/\/chateauperron.net\/en\/wp-json\/wp\/v2\/comments?post=5917"}],"wp:featuredmedia":[{"embeddable":true,"href":"https:\/\/chateauperron.net\/en\/wp-json\/wp\/v2\/media\/5957"}],"wp:attachment":[{"href":"https:\/\/chateauperron.net\/en\/wp-json\/wp\/v2\/media?parent=5917"}],"wp:term":[{"taxonomy":"product_brand","embeddable":true,"href":"https:\/\/chateauperron.net\/en\/wp-json\/wp\/v2\/product_brand?post=5917"},{"taxonomy":"product_cat","embeddable":true,"href":"https:\/\/chateauperron.net\/en\/wp-json\/wp\/v2\/product_cat?post=5917"},{"taxonomy":"product_tag","embeddable":true,"href":"https:\/\/chateauperron.net\/en\/wp-json\/wp\/v2\/product_tag?post=5917"}],"curies":[{"name":"wp","href":"https:\/\/api.w.org\/{rel}","templated":true}]}}